{"id":2287,"date":"2022-03-17T13:16:58","date_gmt":"2022-03-17T13:16:58","guid":{"rendered":"https:\/\/www.zzobchod.cz.uvirt120.active24.cz\/?post_type=product&#038;p=2287"},"modified":"2026-04-28T13:10:43","modified_gmt":"2026-04-28T13:10:43","slug":"plastove-dvere-se-svetlikem-a-mlecnym-sklem","status":"publish","type":"product","link":"https:\/\/www.zzobchod.cz\/?product=plastove-dvere-se-svetlikem-a-mlecnym-sklem","title":{"rendered":"Dvojd\u00edln\u00e9 plastov\u00e9 dve\u0159e se sv\u011btl\u00edkem a ml\u00e9\u010dn\u00fdm sklem"},"content":{"rendered":"<p>Plastov\u00e9 dve\u0159e se sv\u011btl\u00edkem a ml\u00e9\u010dn\u00fdm sklem<br \/>\nSklo Ml\u00e9\u010dn\u00e9<br \/>\nBezpe\u010dnostn\u00ed automatick\u00fd 5ti bodov\u00fd z\u00e1mek<br \/>\nHlin\u00edkov\u00fd pr\u00e1h s p\u0159eru\u0161enym tepelnym mostem 25mm<\/p>\n<div class=\"wpforms-container wpforms-container-full\" id=\"wpforms-652\"><form id=\"wpforms-form-652\" class=\"wpforms-validate wpforms-form wpforms-ajax-form\" data-formid=\"652\" method=\"post\" enctype=\"multipart\/form-data\" action=\"\/index.php?rest_route=%2Fwp%2Fv2%2Fproduct%2F2287\" data-token=\"8ebfb7e09108ca0ede3925ea271609d0\" data-token-time=\"1777727950\"><noscript class=\"wpforms-error-noscript\">Chcete-li vyplnit tento formul\u00e1\u0159, pros\u00edm povolte v prohl\u00ed\u017ee\u010di JavaScript.<\/noscript><div class=\"wpforms-field-container\"><div id=\"wpforms-652-field_0-container\" class=\"wpforms-field wpforms-field-name\" data-field-id=\"0\"><label class=\"wpforms-field-label\">Jm\u00e9no <span class=\"wpforms-required-label\">*<\/span><\/label><div class=\"wpforms-field-row wpforms-field-medium\"><div class=\"wpforms-field-row-block wpforms-first wpforms-one-half\"><input type=\"text\" id=\"wpforms-652-field_0\" class=\"wpforms-field-name-first wpforms-field-required\" name=\"wpforms[fields][0][first]\" required><label for=\"wpforms-652-field_0\" class=\"wpforms-field-sublabel after\">K\u0159estn\u00ed jm\u00e9no<\/label><\/div><div class=\"wpforms-field-row-block wpforms-one-half\"><input type=\"text\" id=\"wpforms-652-field_0-last\" class=\"wpforms-field-name-last wpforms-field-required\" name=\"wpforms[fields][0][last]\" required><label for=\"wpforms-652-field_0-last\" class=\"wpforms-field-sublabel after\">P\u0159\u00edjmen\u00ed<\/label><\/div><\/div><\/div><div id=\"wpforms-652-field_1-container\" class=\"wpforms-field wpforms-field-email\" data-field-id=\"1\"><label class=\"wpforms-field-label\" for=\"wpforms-652-field_1\">Email <span class=\"wpforms-required-label\">*<\/span><\/label><input type=\"email\" id=\"wpforms-652-field_1\" class=\"wpforms-field-medium wpforms-field-required\" name=\"wpforms[fields][1]\" spellcheck=\"false\" required><\/div><div id=\"wpforms-652-field_2-container\" class=\"wpforms-field wpforms-field-textarea\" data-field-id=\"2\"><label class=\"wpforms-field-label\" for=\"wpforms-652-field_2\">Va\u0161e zpr\u00e1va <span class=\"wpforms-required-label\">*<\/span><\/label><textarea id=\"wpforms-652-field_2\" class=\"wpforms-field-medium wpforms-field-required\" name=\"wpforms[fields][2]\" required><\/textarea><\/div><div id=\"wpforms-652-field_3-container\" class=\"wpforms-field wpforms-field-email\" data-field-id=\"3\"><label class=\"wpforms-field-label\" for=\"wpforms-652-field_3\">E-mail <span class=\"wpforms-required-label\">*<\/span><\/label><input type=\"email\" id=\"wpforms-652-field_3\" class=\"wpforms-field-medium wpforms-field-required\" name=\"wpforms[fields][3]\" spellcheck=\"false\" required><\/div><\/div><!-- .wpforms-field-container --><div class=\"wpforms-submit-container\" ><input type=\"hidden\" name=\"wpforms[id]\" value=\"652\"><input type=\"hidden\" name=\"page_title\" value=\"\"><input type=\"hidden\" name=\"page_url\" value=\"https:\/\/www.zzobchod.cz\/index.php?rest_route=\/wp\/v2\/product\/2287\"><input type=\"hidden\" name=\"url_referer\" value=\"\"><button type=\"submit\" name=\"wpforms[submit]\" id=\"wpforms-submit-652\" class=\"wpforms-submit\" data-alt-text=\"Odes\u00edl\u00e1n\u00ed...\" data-submit-text=\"Odeslat\" aria-live=\"assertive\" value=\"wpforms-submit\">Odeslat<\/button><img loading=\"lazy\" decoding=\"async\" src=\"https:\/\/www.zzobchod.cz\/wp-content\/plugins\/wpforms-lite\/assets\/images\/submit-spin.svg\" class=\"wpforms-submit-spinner\" style=\"display: none;\" width=\"26\" height=\"26\" alt=\"Na\u010d\u00edt\u00e1n\u00ed\"><\/div><\/form><\/div>  <!-- .wpforms-container -->\n","protected":false},"excerpt":{"rendered":"<p>Mo\u017enost zak\u00e1zkov\u00e9 v\u00fdroby dle v\u00e1mi zadan\u00fdch rozm\u011br\u016f bez p\u0159\u00edplatku<\/p>\n<p>V p\u0159\u00edpad\u011b zak\u00e1zkov\u00e9ho modelu dve\u0159\u00ed volejte:<br \/>\n+420 608 364 674<\/p>\n<p>&nbsp;<\/p>\n","protected":false},"featured_media":2289,"comment_status":"open","ping_status":"closed","template":"","meta":{"site-sidebar-layout":"default","site-content-layout":"default","ast-site-content-layout":"default","site-content-style":"default","site-sidebar-style":"default","ast-global-header-display":"","ast-banner-title-visibility":"","ast-main-header-display":"","ast-hfb-above-header-display":"","ast-hfb-below-header-display":"","ast-hfb-mobile-header-display":"","site-post-title":"","ast-breadcrumbs-content":"","ast-featured-img":"","footer-sml-layout":"","theme-transparent-header-meta":"default","adv-header-id-meta":"","stick-header-meta":"","header-above-stick-meta":"","header-main-stick-meta":"","header-below-stick-meta":"","astra-migrate-meta-layouts":"default","ast-page-background-enabled":"default","ast-page-background-meta":{"desktop":{"background-color":"var(--ast-global-color-4)","background-image":"","background-repeat":"repeat","background-position":"center center","background-size":"auto","background-attachment":"scroll","background-type":"","background-media":"","overlay-type":"","overlay-color":"","overlay-opacity":"","overlay-gradient":""},"tablet":{"background-color":"","background-image":"","background-repeat":"repeat","background-position":"center center","background-size":"auto","background-attachment":"scroll","background-type":"","background-media":"","overlay-type":"","overlay-color":"","overlay-opacity":"","overlay-gradient":""},"mobile":{"background-color":"","background-image":"","background-repeat":"repeat","background-position":"center center","background-size":"auto","background-attachment":"scroll","background-type":"","background-media":"","overlay-type":"","overlay-color":"","overlay-opacity":"","overlay-gradient":""}},"ast-content-background-meta":{"desktop":{"background-color":"var(--ast-global-color-5)","background-image":"","background-repeat":"repeat","background-position":"center center","background-size":"auto","background-attachment":"scroll","background-type":"","background-media":"","overlay-type":"","overlay-color":"","overlay-opacity":"","overlay-gradient":""},"tablet":{"background-color":"var(--ast-global-color-5)","background-image":"","background-repeat":"repeat","background-position":"center center","background-size":"auto","background-attachment":"scroll","background-type":"","background-media":"","overlay-type":"","overlay-color":"","overlay-opacity":"","overlay-gradient":""},"mobile":{"background-color":"var(--ast-global-color-5)","background-image":"","background-repeat":"repeat","background-position":"center center","background-size":"auto","background-attachment":"scroll","background-type":"","background-media":"","overlay-type":"","overlay-color":"","overlay-opacity":"","overlay-gradient":""}}},"product_brand":[],"product_cat":[35],"product_tag":[],"class_list":{"0":"post-2287","1":"product","2":"type-product","3":"status-publish","4":"has-post-thumbnail","6":"product_cat-plastove-dvere","7":"desktop-align-left","8":"tablet-align-left","9":"mobile-align-left","11":"first","12":"onbackorder","13":"taxable","14":"shipping-taxable","15":"purchasable","16":"product-type-variable"},"jetpack_sharing_enabled":true,"_links":{"self":[{"href":"https:\/\/www.zzobchod.cz\/index.php?rest_route=\/wp\/v2\/product\/2287","targetHints":{"allow":["GET"]}}],"collection":[{"href":"https:\/\/www.zzobchod.cz\/index.php?rest_route=\/wp\/v2\/product"}],"about":[{"href":"https:\/\/www.zzobchod.cz\/index.php?rest_route=\/wp\/v2\/types\/product"}],"replies":[{"embeddable":true,"href":"https:\/\/www.zzobchod.cz\/index.php?rest_route=%2Fwp%2Fv2%2Fcomments&post=2287"}],"wp:featuredmedia":[{"embeddable":true,"href":"https:\/\/www.zzobchod.cz\/index.php?rest_route=\/wp\/v2\/media\/2289"}],"wp:attachment":[{"href":"https:\/\/www.zzobchod.cz\/index.php?rest_route=%2Fwp%2Fv2%2Fmedia&parent=2287"}],"wp:term":[{"taxonomy":"product_brand","embeddable":true,"href":"https:\/\/www.zzobchod.cz\/index.php?rest_route=%2Fwp%2Fv2%2Fproduct_brand&post=2287"},{"taxonomy":"product_cat","embeddable":true,"href":"https:\/\/www.zzobchod.cz\/index.php?rest_route=%2Fwp%2Fv2%2Fproduct_cat&post=2287"},{"taxonomy":"product_tag","embeddable":true,"href":"https:\/\/www.zzobchod.cz\/index.php?rest_route=%2Fwp%2Fv2%2Fproduct_tag&post=2287"}],"curies":[{"name":"wp","href":"https:\/\/api.w.org\/{rel}","templated":true}]}}