{"id":4040,"date":"2022-03-28T18:59:17","date_gmt":"2022-03-28T18:59:17","guid":{"rendered":"https:\/\/www.zzobchod.cz\/?post_type=product&#038;p=4040"},"modified":"2026-04-03T00:25:23","modified_gmt":"2026-04-03T00:25:23","slug":"vchodove-dvere-model-ats600-antracit","status":"publish","type":"product","link":"https:\/\/www.zzobchod.cz\/?product=vchodove-dvere-model-ats600-antracit","title":{"rendered":"Vchodov\u00e9 dve\u0159e MODEL ATS600 &#8211; ANTRACIT"},"content":{"rendered":"<p><img loading=\"lazy\" decoding=\"async\" class=\"alignnone size-medium wp-image-228\" src=\"http:\/\/www.zzobchod.cz\/wp-content\/uploads\/2022\/03\/Snimek-obrazovky-2022-03-01-230840-300x192.png\" alt=\"\" width=\"300\" height=\"192\" srcset=\"https:\/\/www.zzobchod.cz\/wp-content\/uploads\/2022\/03\/Snimek-obrazovky-2022-03-01-230840-300x192.png 300w, https:\/\/www.zzobchod.cz\/wp-content\/uploads\/2022\/03\/Snimek-obrazovky-2022-03-01-230840-580x371.png 580w, https:\/\/www.zzobchod.cz\/wp-content\/uploads\/2022\/03\/Snimek-obrazovky-2022-03-01-230840.png 737w\" sizes=\"auto, (max-width: 300px) 100vw, 300px\" \/><img loading=\"lazy\" decoding=\"async\" class=\"alignnone size-medium wp-image-229\" src=\"http:\/\/www.zzobchod.cz\/wp-content\/uploads\/2022\/03\/Snimek-obrazovky-2022-03-01-231030-300x198.png\" alt=\"\" width=\"300\" height=\"198\" srcset=\"https:\/\/www.zzobchod.cz\/wp-content\/uploads\/2022\/03\/Snimek-obrazovky-2022-03-01-231030-300x198.png 300w, https:\/\/www.zzobchod.cz\/wp-content\/uploads\/2022\/03\/Snimek-obrazovky-2022-03-01-231030-580x383.png 580w, https:\/\/www.zzobchod.cz\/wp-content\/uploads\/2022\/03\/Snimek-obrazovky-2022-03-01-231030.png 705w\" sizes=\"auto, (max-width: 300px) 100vw, 300px\" \/><\/p>\n","protected":false},"excerpt":{"rendered":"<div class=\"col\">\n<h2 class=\"text-center\">Vchodov\u00e9 dve\u0159e<\/h2>\n<\/div>\n<div class=\"col\">\n<h2 class=\"text-center\">V cen\u011b:<\/h2>\n<\/div>\n<div class=\"col\">\n<ul class=\"text-lg-center text-sm-left\">\n<li><strong>K\u0159\u00eddlo:<\/strong>\u00a068 mm siln\u00e9 dve\u0159n\u00ed k\u0159\u00eddlo s ocelov\u00fdm pl\u00e1\u0161t\u011bm<\/li>\n<li><strong>R\u00e1m:\u00a0<\/strong>Hlin\u00edk, obl\u00fd zvenku<\/li>\n<li><strong>Z\u00e1mek:<\/strong>\u00a03bodov\u00fd z\u00e1mek Winkhaus<\/li>\n<li><strong>Bezpe\u010dnost:<\/strong>\u00a0Zadn\u00ed trny, 3bodov\u00fd z\u00e1mek, bezpe\u010dnostn\u00ed rozeta<\/li>\n<li><strong>Vlo\u017eka z\u00e1mku:<\/strong>\u00a0S 3 kl\u00ed\u010di<\/li>\n<\/ul>\n<\/div>\n","protected":false},"featured_media":747,"comment_status":"open","ping_status":"closed","template":"","meta":{"site-sidebar-layout":"default","site-content-layout":"default","ast-site-content-layout":"default","site-content-style":"default","site-sidebar-style":"default","ast-global-header-display":"","ast-banner-title-visibility":"","ast-main-header-display":"","ast-hfb-above-header-display":"","ast-hfb-below-header-display":"","ast-hfb-mobile-header-display":"","site-post-title":"","ast-breadcrumbs-content":"","ast-featured-img":"","footer-sml-layout":"","theme-transparent-header-meta":"default","adv-header-id-meta":"","stick-header-meta":"","header-above-stick-meta":"","header-main-stick-meta":"","header-below-stick-meta":"","astra-migrate-meta-layouts":"default","ast-page-background-enabled":"default","ast-page-background-meta":{"desktop":{"background-color":"var(--ast-global-color-4)","background-image":"","background-repeat":"repeat","background-position":"center center","background-size":"auto","background-attachment":"scroll","background-type":"","background-media":"","overlay-type":"","overlay-color":"","overlay-opacity":"","overlay-gradient":""},"tablet":{"background-color":"","background-image":"","background-repeat":"repeat","background-position":"center center","background-size":"auto","background-attachment":"scroll","background-type":"","background-media":"","overlay-type":"","overlay-color":"","overlay-opacity":"","overlay-gradient":""},"mobile":{"background-color":"","background-image":"","background-repeat":"repeat","background-position":"center center","background-size":"auto","background-attachment":"scroll","background-type":"","background-media":"","overlay-type":"","overlay-color":"","overlay-opacity":"","overlay-gradient":""}},"ast-content-background-meta":{"desktop":{"background-color":"var(--ast-global-color-5)","background-image":"","background-repeat":"repeat","background-position":"center center","background-size":"auto","background-attachment":"scroll","background-type":"","background-media":"","overlay-type":"","overlay-color":"","overlay-opacity":"","overlay-gradient":""},"tablet":{"background-color":"var(--ast-global-color-5)","background-image":"","background-repeat":"repeat","background-position":"center center","background-size":"auto","background-attachment":"scroll","background-type":"","background-media":"","overlay-type":"","overlay-color":"","overlay-opacity":"","overlay-gradient":""},"mobile":{"background-color":"var(--ast-global-color-5)","background-image":"","background-repeat":"repeat","background-position":"center center","background-size":"auto","background-attachment":"scroll","background-type":"","background-media":"","overlay-type":"","overlay-color":"","overlay-opacity":"","overlay-gradient":""}}},"product_brand":[],"product_cat":[22,24],"product_tag":[],"class_list":{"0":"post-4040","1":"product","2":"type-product","3":"status-publish","4":"has-post-thumbnail","6":"product_cat-dvere-turenwerke","7":"product_cat-serie-ats-56","8":"desktop-align-left","9":"tablet-align-left","10":"mobile-align-left","12":"first","13":"onbackorder","14":"taxable","15":"shipping-taxable","16":"purchasable","17":"product-type-variable"},"jetpack_sharing_enabled":true,"_links":{"self":[{"href":"https:\/\/www.zzobchod.cz\/index.php?rest_route=\/wp\/v2\/product\/4040","targetHints":{"allow":["GET"]}}],"collection":[{"href":"https:\/\/www.zzobchod.cz\/index.php?rest_route=\/wp\/v2\/product"}],"about":[{"href":"https:\/\/www.zzobchod.cz\/index.php?rest_route=\/wp\/v2\/types\/product"}],"replies":[{"embeddable":true,"href":"https:\/\/www.zzobchod.cz\/index.php?rest_route=%2Fwp%2Fv2%2Fcomments&post=4040"}],"wp:featuredmedia":[{"embeddable":true,"href":"https:\/\/www.zzobchod.cz\/index.php?rest_route=\/wp\/v2\/media\/747"}],"wp:attachment":[{"href":"https:\/\/www.zzobchod.cz\/index.php?rest_route=%2Fwp%2Fv2%2Fmedia&parent=4040"}],"wp:term":[{"taxonomy":"product_brand","embeddable":true,"href":"https:\/\/www.zzobchod.cz\/index.php?rest_route=%2Fwp%2Fv2%2Fproduct_brand&post=4040"},{"taxonomy":"product_cat","embeddable":true,"href":"https:\/\/www.zzobchod.cz\/index.php?rest_route=%2Fwp%2Fv2%2Fproduct_cat&post=4040"},{"taxonomy":"product_tag","embeddable":true,"href":"https:\/\/www.zzobchod.cz\/index.php?rest_route=%2Fwp%2Fv2%2Fproduct_tag&post=4040"}],"curies":[{"name":"wp","href":"https:\/\/api.w.org\/{rel}","templated":true}]}}