{"id":4265,"date":"2022-04-19T11:12:59","date_gmt":"2022-04-19T11:12:59","guid":{"rendered":"https:\/\/www.zzobchod.cz\/?post_type=product&#038;p=4265"},"modified":"2026-02-04T18:33:59","modified_gmt":"2026-02-04T18:33:59","slug":"jednodilne-plastove-okno-8","status":"publish","type":"product","link":"https:\/\/www.zzobchod.cz\/?product=jednodilne-plastove-okno-8","title":{"rendered":"Jednod\u00edln\u00e9 plastov\u00e9 okno 1200&#215;1170"},"content":{"rendered":"<p><img loading=\"lazy\" decoding=\"async\" class=\"alignnone size-full wp-image-53\" src=\"http:\/\/www.zzobchod.cz\/wp-content\/uploads\/2022\/02\/t_6_1456056357x1767_29.png\" alt=\"\" width=\"221\" height=\"241\" \/><\/p>\n","protected":false},"excerpt":{"rendered":"<h4><strong>SKLADEM<\/strong><\/h4>\n<p>V\u00fd\u0161ka 1170mm<br \/>\n\u0160\u00ed\u0159ka 1200mm<br \/>\nBarva &#8211; b\u00edl\u00e1<br \/>\nSklo &#8211; <a href=\"https:\/\/www.skladova-okna.cz\/files\/parameters_files\/s\/sklo1-velky-cz_2.jpg\" data-fancybox=\"\" data-caption=\"3\/16A\/4TPS dvojsklo (U=1,1)\"><img decoding=\"async\" class=\"show\" src=\"https:\/\/www.skladova-okna.cz\/files\/parameters_files\/d\/dvojsklo_%28pro_sklo_cire%29_miniatura.jpg\" srcset=\"\/files\/parameters_files\/d\/dvojsklo_%28pro_sklo_cire%29_miniatura.jpg\" alt=\"\" data-srcset=\"\/files\/parameters_files\/d\/dvojsklo_%28pro_sklo_cire%29_miniatura.jpg\" \/>3<\/a>\/16A\/4TPS dvojsklo (U=1,1)<br \/>\nStavebn\u00ed otvor &#8211; 1220 \/ 1220<br \/>\nCeloobovodov\u00e9 kov\u00e1n\u00ed &#8211; Winkhaus activPilot<\/p>\n","protected":false},"featured_media":4269,"comment_status":"open","ping_status":"closed","template":"","meta":{"site-sidebar-layout":"default","site-content-layout":"default","ast-site-content-layout":"default","site-content-style":"default","site-sidebar-style":"default","ast-global-header-display":"","ast-banner-title-visibility":"","ast-main-header-display":"","ast-hfb-above-header-display":"","ast-hfb-below-header-display":"","ast-hfb-mobile-header-display":"","site-post-title":"","ast-breadcrumbs-content":"","ast-featured-img":"","footer-sml-layout":"","theme-transparent-header-meta":"default","adv-header-id-meta":"","stick-header-meta":"","header-above-stick-meta":"","header-main-stick-meta":"","header-below-stick-meta":"","astra-migrate-meta-layouts":"default","ast-page-background-enabled":"default","ast-page-background-meta":{"desktop":{"background-color":"var(--ast-global-color-4)","background-image":"","background-repeat":"repeat","background-position":"center center","background-size":"auto","background-attachment":"scroll","background-type":"","background-media":"","overlay-type":"","overlay-color":"","overlay-opacity":"","overlay-gradient":""},"tablet":{"background-color":"","background-image":"","background-repeat":"repeat","background-position":"center center","background-size":"auto","background-attachment":"scroll","background-type":"","background-media":"","overlay-type":"","overlay-color":"","overlay-opacity":"","overlay-gradient":""},"mobile":{"background-color":"","background-image":"","background-repeat":"repeat","background-position":"center center","background-size":"auto","background-attachment":"scroll","background-type":"","background-media":"","overlay-type":"","overlay-color":"","overlay-opacity":"","overlay-gradient":""}},"ast-content-background-meta":{"desktop":{"background-color":"var(--ast-global-color-5)","background-image":"","background-repeat":"repeat","background-position":"center center","background-size":"auto","background-attachment":"scroll","background-type":"","background-media":"","overlay-type":"","overlay-color":"","overlay-opacity":"","overlay-gradient":""},"tablet":{"background-color":"var(--ast-global-color-5)","background-image":"","background-repeat":"repeat","background-position":"center center","background-size":"auto","background-attachment":"scroll","background-type":"","background-media":"","overlay-type":"","overlay-color":"","overlay-opacity":"","overlay-gradient":""},"mobile":{"background-color":"var(--ast-global-color-5)","background-image":"","background-repeat":"repeat","background-position":"center center","background-size":"auto","background-attachment":"scroll","background-type":"","background-media":"","overlay-type":"","overlay-color":"","overlay-opacity":"","overlay-gradient":""}}},"product_brand":[],"product_cat":[17,16],"product_tag":[32],"class_list":{"0":"post-4265","1":"product","2":"type-product","3":"status-publish","4":"has-post-thumbnail","6":"product_cat-jednodilna-okna","7":"product_cat-plastova-okna","8":"product_tag-plastova-okna","9":"desktop-align-left","10":"tablet-align-left","11":"mobile-align-left","13":"first","14":"instock","15":"sale","16":"taxable","17":"shipping-taxable","18":"purchasable","19":"product-type-variable"},"jetpack_sharing_enabled":true,"_links":{"self":[{"href":"https:\/\/www.zzobchod.cz\/index.php?rest_route=\/wp\/v2\/product\/4265","targetHints":{"allow":["GET"]}}],"collection":[{"href":"https:\/\/www.zzobchod.cz\/index.php?rest_route=\/wp\/v2\/product"}],"about":[{"href":"https:\/\/www.zzobchod.cz\/index.php?rest_route=\/wp\/v2\/types\/product"}],"replies":[{"embeddable":true,"href":"https:\/\/www.zzobchod.cz\/index.php?rest_route=%2Fwp%2Fv2%2Fcomments&post=4265"}],"wp:featuredmedia":[{"embeddable":true,"href":"https:\/\/www.zzobchod.cz\/index.php?rest_route=\/wp\/v2\/media\/4269"}],"wp:attachment":[{"href":"https:\/\/www.zzobchod.cz\/index.php?rest_route=%2Fwp%2Fv2%2Fmedia&parent=4265"}],"wp:term":[{"taxonomy":"product_brand","embeddable":true,"href":"https:\/\/www.zzobchod.cz\/index.php?rest_route=%2Fwp%2Fv2%2Fproduct_brand&post=4265"},{"taxonomy":"product_cat","embeddable":true,"href":"https:\/\/www.zzobchod.cz\/index.php?rest_route=%2Fwp%2Fv2%2Fproduct_cat&post=4265"},{"taxonomy":"product_tag","embeddable":true,"href":"https:\/\/www.zzobchod.cz\/index.php?rest_route=%2Fwp%2Fv2%2Fproduct_tag&post=4265"}],"curies":[{"name":"wp","href":"https:\/\/api.w.org\/{rel}","templated":true}]}}