{"id":4703,"date":"2022-08-17T12:55:08","date_gmt":"2022-08-17T12:55:08","guid":{"rendered":"https:\/\/www.zzobchod.cz\/?post_type=product&#038;p=4703"},"modified":"2025-10-29T07:07:40","modified_gmt":"2025-10-29T07:07:40","slug":"eco68-m07","status":"publish","type":"product","link":"https:\/\/www.zzobchod.cz\/?product=eco68-m07","title":{"rendered":"ECO68 M07"},"content":{"rendered":"<div class=\"elementor-element elementor-element-46ba8b5b elementor-widget elementor-widget-heading\" data-id=\"46ba8b5b\" data-element_type=\"widget\" data-widget_type=\"heading.default\">\n<div class=\"elementor-widget-container\">\n<h5 class=\"elementor-heading-title elementor-size-default\">SOU\u010cINITEL PROSTUPU TEPLA<\/h5>\n<\/div>\n<\/div>\n<div class=\"elementor-element elementor-element-cec4e68 elementor-widget elementor-widget-wd_list\" data-id=\"cec4e68\" data-element_type=\"widget\" data-widget_type=\"wd_list.default\">\n<div class=\"elementor-widget-container\">\n<ul class=\"wd-list color-scheme- wd-fontsize-xs wd-list-type-without wd-list-style- wd-justify-left\">\n<li class=\"elementor-repeater-item-b7aa576\"><span class=\"list-content\"> <b>BEZ SKLA<\/b> Ud \u2013 1,3 W\/m2K <\/span><\/li>\n<li class=\"elementor-repeater-item-011331a\"><span class=\"list-content\"> <b>SE SKLEM <\/b>Ud \u2013 1,4 W\/m2K <\/span><\/li>\n<\/ul>\n<\/div>\n<\/div>\n<div class=\"elementor-element elementor-element-25a7c129 elementor-widget elementor-widget-heading\" data-id=\"25a7c129\" data-element_type=\"widget\" data-widget_type=\"heading.default\">\n<div class=\"elementor-widget-container\">\n<h5 class=\"elementor-heading-title elementor-size-default\"><\/h5>\n<\/div>\n<\/div>\n<div class=\"elementor-element elementor-element-235a4350 elementor-widget elementor-widget-wd_list\" data-id=\"235a4350\" data-element_type=\"widget\" data-widget_type=\"wd_list.default\">\n<div class=\"elementor-widget-container\">\n<p>Ocelov\u00e9 dve\u0159e o tlou\u0161\u0165ce 68mm s izola\u010dn\u00ed v\u00fdpln\u00ed, v barv\u011b oboustrann\u00fd antracit nebo zl.dub, masivn\u00ed ocelov\u00e1 z\u00e1rube\u0148, nerezov\u00fd pr\u00e1h, 2 bezpe\u010dnostn\u00ed z\u00e1mky se t\u0159emi \u010depy, 3trny proti vysazen\u00ed, 3panty s 2D regulac\u00ed, masivn\u00ed nerezov\u00e1 p\u0159ekrytka stv.vlo\u017eky. cena v\u010detn\u011b nerezov\u00e9ho kov\u00e1n\u00ed, masivn\u00edch nerezov\u00fdch p\u0159ekrytek, z\u00e1mkov\u00e9 vlo\u017eky, rozm\u011bry: 900&#215;2070 (rozm\u011bry v\u010detn\u011b z\u00e1rubn\u011b)<\/p>\n<\/div>\n<\/div>\n","protected":false},"excerpt":{"rendered":"<p>Rozm\u011bry: 900&#215;2070 mm<\/p>\n","protected":false},"featured_media":4714,"comment_status":"open","ping_status":"closed","template":"","meta":{"site-sidebar-layout":"default","site-content-layout":"default","ast-site-content-layout":"default","site-content-style":"default","site-sidebar-style":"default","ast-global-header-display":"","ast-banner-title-visibility":"","ast-main-header-display":"","ast-hfb-above-header-display":"","ast-hfb-below-header-display":"","ast-hfb-mobile-header-display":"","site-post-title":"","ast-breadcrumbs-content":"","ast-featured-img":"","footer-sml-layout":"","theme-transparent-header-meta":"default","adv-header-id-meta":"","stick-header-meta":"","header-above-stick-meta":"","header-main-stick-meta":"","header-below-stick-meta":"","astra-migrate-meta-layouts":"default","ast-page-background-enabled":"default","ast-page-background-meta":{"desktop":{"background-color":"var(--ast-global-color-4)","background-image":"","background-repeat":"repeat","background-position":"center center","background-size":"auto","background-attachment":"scroll","background-type":"","background-media":"","overlay-type":"","overlay-color":"","overlay-opacity":"","overlay-gradient":""},"tablet":{"background-color":"","background-image":"","background-repeat":"repeat","background-position":"center center","background-size":"auto","background-attachment":"scroll","background-type":"","background-media":"","overlay-type":"","overlay-color":"","overlay-opacity":"","overlay-gradient":""},"mobile":{"background-color":"","background-image":"","background-repeat":"repeat","background-position":"center center","background-size":"auto","background-attachment":"scroll","background-type":"","background-media":"","overlay-type":"","overlay-color":"","overlay-opacity":"","overlay-gradient":""}},"ast-content-background-meta":{"desktop":{"background-color":"var(--ast-global-color-5)","background-image":"","background-repeat":"repeat","background-position":"center center","background-size":"auto","background-attachment":"scroll","background-type":"","background-media":"","overlay-type":"","overlay-color":"","overlay-opacity":"","overlay-gradient":""},"tablet":{"background-color":"var(--ast-global-color-5)","background-image":"","background-repeat":"repeat","background-position":"center center","background-size":"auto","background-attachment":"scroll","background-type":"","background-media":"","overlay-type":"","overlay-color":"","overlay-opacity":"","overlay-gradient":""},"mobile":{"background-color":"var(--ast-global-color-5)","background-image":"","background-repeat":"repeat","background-position":"center center","background-size":"auto","background-attachment":"scroll","background-type":"","background-media":"","overlay-type":"","overlay-color":"","overlay-opacity":"","overlay-gradient":""}}},"product_brand":[],"product_cat":[60],"product_tag":[],"class_list":{"0":"post-4703","1":"product","2":"type-product","3":"status-publish","4":"has-post-thumbnail","6":"product_cat-eco-dvere","7":"desktop-align-left","8":"tablet-align-left","9":"mobile-align-left","11":"first","12":"onbackorder","13":"taxable","14":"shipping-taxable","15":"purchasable","16":"product-type-variable"},"jetpack_sharing_enabled":true,"_links":{"self":[{"href":"https:\/\/www.zzobchod.cz\/index.php?rest_route=\/wp\/v2\/product\/4703","targetHints":{"allow":["GET"]}}],"collection":[{"href":"https:\/\/www.zzobchod.cz\/index.php?rest_route=\/wp\/v2\/product"}],"about":[{"href":"https:\/\/www.zzobchod.cz\/index.php?rest_route=\/wp\/v2\/types\/product"}],"replies":[{"embeddable":true,"href":"https:\/\/www.zzobchod.cz\/index.php?rest_route=%2Fwp%2Fv2%2Fcomments&post=4703"}],"wp:featuredmedia":[{"embeddable":true,"href":"https:\/\/www.zzobchod.cz\/index.php?rest_route=\/wp\/v2\/media\/4714"}],"wp:attachment":[{"href":"https:\/\/www.zzobchod.cz\/index.php?rest_route=%2Fwp%2Fv2%2Fmedia&parent=4703"}],"wp:term":[{"taxonomy":"product_brand","embeddable":true,"href":"https:\/\/www.zzobchod.cz\/index.php?rest_route=%2Fwp%2Fv2%2Fproduct_brand&post=4703"},{"taxonomy":"product_cat","embeddable":true,"href":"https:\/\/www.zzobchod.cz\/index.php?rest_route=%2Fwp%2Fv2%2Fproduct_cat&post=4703"},{"taxonomy":"product_tag","embeddable":true,"href":"https:\/\/www.zzobchod.cz\/index.php?rest_route=%2Fwp%2Fv2%2Fproduct_tag&post=4703"}],"curies":[{"name":"wp","href":"https:\/\/api.w.org\/{rel}","templated":true}]}}