{"id":4724,"date":"2022-08-18T12:17:02","date_gmt":"2022-08-18T12:17:02","guid":{"rendered":"https:\/\/www.zzobchod.cz\/?post_type=product&#038;p=4724"},"modified":"2026-03-14T11:29:48","modified_gmt":"2026-03-14T11:29:48","slug":"eco68-m02","status":"publish","type":"product","link":"https:\/\/www.zzobchod.cz\/?product=eco68-m02","title":{"rendered":"ECO68 M02"},"content":{"rendered":"<div class=\"elementor-element elementor-element-569d705c elementor-widget elementor-widget-heading\" data-id=\"569d705c\" data-element_type=\"widget\" data-widget_type=\"heading.default\">\n<div class=\"elementor-widget-container\">\n<h5 class=\"elementor-heading-title elementor-size-default\">SOU\u010cINITEL PROSTUPU TEPLA<\/h5>\n<\/div>\n<\/div>\n<div class=\"elementor-element elementor-element-767fe287 elementor-widget elementor-widget-wd_list\" data-id=\"767fe287\" data-element_type=\"widget\" data-widget_type=\"wd_list.default\">\n<div class=\"elementor-widget-container\">\n<ul class=\"wd-list color-scheme- wd-fontsize-xs wd-list-type-without wd-list-style- wd-justify-left\">\n<li class=\"elementor-repeater-item-b7aa576\"><span class=\"list-content\"> <b>BEZ SKLA<\/b> Ud \u2013 1,3 W\/m2K <\/span><\/li>\n<li class=\"elementor-repeater-item-011331a\"><span class=\"list-content\"> <b>SE SKLEM <\/b>Ud \u2013 1,4 W\/m2K <\/span><\/li>\n<\/ul>\n<\/div>\n<\/div>\n<div class=\"elementor-element elementor-element-143686b9 elementor-widget elementor-widget-heading\" data-id=\"143686b9\" data-element_type=\"widget\" data-widget_type=\"heading.default\">\n<div class=\"elementor-widget-container\">\n<h5 class=\"elementor-heading-title elementor-size-default\">CENA ZAHRNUJE:<\/h5>\n<\/div>\n<\/div>\n<div class=\"elementor-element elementor-element-403efc43 elementor-widget elementor-widget-wd_list\" data-id=\"403efc43\" data-element_type=\"widget\" data-widget_type=\"wd_list.default\">\n<div class=\"elementor-widget-container\">\n<ul class=\"wd-list color-scheme- wd-fontsize-xs wd-list-type-unordered wd-list-style-default wd-justify-left\">\n<li class=\"elementor-repeater-item-c903b19\"><span class=\"list-content\"> R\u00e1m: Ocelov\u00fd r\u00e1m <\/span><\/li>\n<li class=\"elementor-repeater-item-951a9ff\"><span class=\"list-content\"> Z\u00e1v\u011bsy: 3x2D nastaviteln\u00e9 panty s bezpe\u010dnostn\u00edmi trny proti vysazen\u00ed <\/span><\/li>\n<li class=\"elementor-repeater-item-f99f134\"><span class=\"list-content\"> Z\u00e1mek: 2x t\u0159\u00edbodov\u00fd z\u00e1mek <\/span><\/li>\n<li class=\"elementor-repeater-item-68c2660\"><span class=\"list-content\"> Pr\u00e1h: Nerezov\u00fd pr\u00e1h <\/span><\/li>\n<li class=\"elementor-repeater-item-1c18085\"><span class=\"list-content\"> Sklo: Dvoukomorov\u00e9, trojsklo <\/span><\/li>\n<\/ul>\n<\/div>\n<\/div>\n<p>&nbsp;<\/p>\n","protected":false},"excerpt":{"rendered":"<p>Rozm\u011bry: 900x2070mm<\/p>\n","protected":false},"featured_media":4735,"comment_status":"open","ping_status":"closed","template":"","meta":{"site-sidebar-layout":"default","site-content-layout":"default","ast-site-content-layout":"default","site-content-style":"default","site-sidebar-style":"default","ast-global-header-display":"","ast-banner-title-visibility":"","ast-main-header-display":"","ast-hfb-above-header-display":"","ast-hfb-below-header-display":"","ast-hfb-mobile-header-display":"","site-post-title":"","ast-breadcrumbs-content":"","ast-featured-img":"","footer-sml-layout":"","theme-transparent-header-meta":"default","adv-header-id-meta":"","stick-header-meta":"","header-above-stick-meta":"","header-main-stick-meta":"","header-below-stick-meta":"","astra-migrate-meta-layouts":"default","ast-page-background-enabled":"default","ast-page-background-meta":{"desktop":{"background-color":"var(--ast-global-color-4)","background-image":"","background-repeat":"repeat","background-position":"center center","background-size":"auto","background-attachment":"scroll","background-type":"","background-media":"","overlay-type":"","overlay-color":"","overlay-opacity":"","overlay-gradient":""},"tablet":{"background-color":"","background-image":"","background-repeat":"repeat","background-position":"center center","background-size":"auto","background-attachment":"scroll","background-type":"","background-media":"","overlay-type":"","overlay-color":"","overlay-opacity":"","overlay-gradient":""},"mobile":{"background-color":"","background-image":"","background-repeat":"repeat","background-position":"center center","background-size":"auto","background-attachment":"scroll","background-type":"","background-media":"","overlay-type":"","overlay-color":"","overlay-opacity":"","overlay-gradient":""}},"ast-content-background-meta":{"desktop":{"background-color":"var(--ast-global-color-5)","background-image":"","background-repeat":"repeat","background-position":"center center","background-size":"auto","background-attachment":"scroll","background-type":"","background-media":"","overlay-type":"","overlay-color":"","overlay-opacity":"","overlay-gradient":""},"tablet":{"background-color":"var(--ast-global-color-5)","background-image":"","background-repeat":"repeat","background-position":"center center","background-size":"auto","background-attachment":"scroll","background-type":"","background-media":"","overlay-type":"","overlay-color":"","overlay-opacity":"","overlay-gradient":""},"mobile":{"background-color":"var(--ast-global-color-5)","background-image":"","background-repeat":"repeat","background-position":"center center","background-size":"auto","background-attachment":"scroll","background-type":"","background-media":"","overlay-type":"","overlay-color":"","overlay-opacity":"","overlay-gradient":""}}},"product_brand":[],"product_cat":[60],"product_tag":[],"class_list":{"0":"post-4724","1":"product","2":"type-product","3":"status-publish","4":"has-post-thumbnail","6":"product_cat-eco-dvere","7":"desktop-align-left","8":"tablet-align-left","9":"mobile-align-left","11":"first","12":"instock","13":"taxable","14":"shipping-taxable","15":"purchasable","16":"product-type-variable"},"jetpack_sharing_enabled":true,"_links":{"self":[{"href":"https:\/\/www.zzobchod.cz\/index.php?rest_route=\/wp\/v2\/product\/4724","targetHints":{"allow":["GET"]}}],"collection":[{"href":"https:\/\/www.zzobchod.cz\/index.php?rest_route=\/wp\/v2\/product"}],"about":[{"href":"https:\/\/www.zzobchod.cz\/index.php?rest_route=\/wp\/v2\/types\/product"}],"replies":[{"embeddable":true,"href":"https:\/\/www.zzobchod.cz\/index.php?rest_route=%2Fwp%2Fv2%2Fcomments&post=4724"}],"wp:featuredmedia":[{"embeddable":true,"href":"https:\/\/www.zzobchod.cz\/index.php?rest_route=\/wp\/v2\/media\/4735"}],"wp:attachment":[{"href":"https:\/\/www.zzobchod.cz\/index.php?rest_route=%2Fwp%2Fv2%2Fmedia&parent=4724"}],"wp:term":[{"taxonomy":"product_brand","embeddable":true,"href":"https:\/\/www.zzobchod.cz\/index.php?rest_route=%2Fwp%2Fv2%2Fproduct_brand&post=4724"},{"taxonomy":"product_cat","embeddable":true,"href":"https:\/\/www.zzobchod.cz\/index.php?rest_route=%2Fwp%2Fv2%2Fproduct_cat&post=4724"},{"taxonomy":"product_tag","embeddable":true,"href":"https:\/\/www.zzobchod.cz\/index.php?rest_route=%2Fwp%2Fv2%2Fproduct_tag&post=4724"}],"curies":[{"name":"wp","href":"https:\/\/api.w.org\/{rel}","templated":true}]}}