{"id":4832,"date":"2023-08-31T13:21:26","date_gmt":"2023-08-31T13:21:26","guid":{"rendered":"https:\/\/www.zzobchod.cz\/?post_type=product&#038;p=4832"},"modified":"2026-03-13T21:33:38","modified_gmt":"2026-03-13T21:33:38","slug":"basic","status":"publish","type":"product","link":"https:\/\/www.zzobchod.cz\/?product=basic","title":{"rendered":"Basic"},"content":{"rendered":"<p>Syst\u00e9m fas\u00e1dn\u00edch \u017ealuzi\u00ed.<\/p>\n<p>Tato univerz\u00e1ln\u00ed vlastnost je zaru\u010dena nastaven\u00edm dr\u017e\u00e1k\u016f horn\u00edch kolejnic a nastaven\u00edm vodic\u00edch dr\u017e\u00e1k\u016f. D\u00edky nim lze tento syst\u00e9m bez pot\u00ed\u017e\u00ed nainstalovat v novostavb\u00e1ch nebo st\u00e1vaj\u00edc\u00edch budov\u00e1ch.<\/p>\n","protected":false},"excerpt":{"rendered":"<p>Pro v\u00edce rozm\u011br\u016f, barev a variant n\u00e1s nev\u00e1hejte kontaktovat na email: info@zzstavby.cz<\/p>\n","protected":false},"featured_media":4833,"comment_status":"open","ping_status":"closed","template":"","meta":{"site-sidebar-layout":"default","site-content-layout":"default","ast-site-content-layout":"default","site-content-style":"default","site-sidebar-style":"default","ast-global-header-display":"","ast-banner-title-visibility":"","ast-main-header-display":"","ast-hfb-above-header-display":"","ast-hfb-below-header-display":"","ast-hfb-mobile-header-display":"","site-post-title":"","ast-breadcrumbs-content":"","ast-featured-img":"","footer-sml-layout":"","theme-transparent-header-meta":"default","adv-header-id-meta":"","stick-header-meta":"","header-above-stick-meta":"","header-main-stick-meta":"","header-below-stick-meta":"","astra-migrate-meta-layouts":"default","ast-page-background-enabled":"default","ast-page-background-meta":{"desktop":{"background-color":"var(--ast-global-color-4)","background-image":"","background-repeat":"repeat","background-position":"center center","background-size":"auto","background-attachment":"scroll","background-type":"","background-media":"","overlay-type":"","overlay-color":"","overlay-opacity":"","overlay-gradient":""},"tablet":{"background-color":"","background-image":"","background-repeat":"repeat","background-position":"center center","background-size":"auto","background-attachment":"scroll","background-type":"","background-media":"","overlay-type":"","overlay-color":"","overlay-opacity":"","overlay-gradient":""},"mobile":{"background-color":"","background-image":"","background-repeat":"repeat","background-position":"center center","background-size":"auto","background-attachment":"scroll","background-type":"","background-media":"","overlay-type":"","overlay-color":"","overlay-opacity":"","overlay-gradient":""}},"ast-content-background-meta":{"desktop":{"background-color":"var(--ast-global-color-5)","background-image":"","background-repeat":"repeat","background-position":"center center","background-size":"auto","background-attachment":"scroll","background-type":"","background-media":"","overlay-type":"","overlay-color":"","overlay-opacity":"","overlay-gradient":""},"tablet":{"background-color":"var(--ast-global-color-5)","background-image":"","background-repeat":"repeat","background-position":"center center","background-size":"auto","background-attachment":"scroll","background-type":"","background-media":"","overlay-type":"","overlay-color":"","overlay-opacity":"","overlay-gradient":""},"mobile":{"background-color":"var(--ast-global-color-5)","background-image":"","background-repeat":"repeat","background-position":"center center","background-size":"auto","background-attachment":"scroll","background-type":"","background-media":"","overlay-type":"","overlay-color":"","overlay-opacity":"","overlay-gradient":""}}},"product_brand":[],"product_cat":[65],"product_tag":[],"class_list":{"0":"post-4832","1":"product","2":"type-product","3":"status-publish","4":"has-post-thumbnail","6":"product_cat-fasadni-zaluzie","7":"desktop-align-left","8":"tablet-align-left","9":"mobile-align-left","11":"first","12":"instock","13":"taxable","14":"shipping-taxable","15":"product-type-simple"},"jetpack_sharing_enabled":true,"_links":{"self":[{"href":"https:\/\/www.zzobchod.cz\/index.php?rest_route=\/wp\/v2\/product\/4832","targetHints":{"allow":["GET"]}}],"collection":[{"href":"https:\/\/www.zzobchod.cz\/index.php?rest_route=\/wp\/v2\/product"}],"about":[{"href":"https:\/\/www.zzobchod.cz\/index.php?rest_route=\/wp\/v2\/types\/product"}],"replies":[{"embeddable":true,"href":"https:\/\/www.zzobchod.cz\/index.php?rest_route=%2Fwp%2Fv2%2Fcomments&post=4832"}],"wp:featuredmedia":[{"embeddable":true,"href":"https:\/\/www.zzobchod.cz\/index.php?rest_route=\/wp\/v2\/media\/4833"}],"wp:attachment":[{"href":"https:\/\/www.zzobchod.cz\/index.php?rest_route=%2Fwp%2Fv2%2Fmedia&parent=4832"}],"wp:term":[{"taxonomy":"product_brand","embeddable":true,"href":"https:\/\/www.zzobchod.cz\/index.php?rest_route=%2Fwp%2Fv2%2Fproduct_brand&post=4832"},{"taxonomy":"product_cat","embeddable":true,"href":"https:\/\/www.zzobchod.cz\/index.php?rest_route=%2Fwp%2Fv2%2Fproduct_cat&post=4832"},{"taxonomy":"product_tag","embeddable":true,"href":"https:\/\/www.zzobchod.cz\/index.php?rest_route=%2Fwp%2Fv2%2Fproduct_tag&post=4832"}],"curies":[{"name":"wp","href":"https:\/\/api.w.org\/{rel}","templated":true}]}}