{"id":640,"date":"2022-03-06T09:57:47","date_gmt":"2022-03-06T09:57:47","guid":{"rendered":"http:\/\/www.zzobchod.cz.uvirt120.active24.cz\/?post_type=product&#038;p=640"},"modified":"2022-08-17T11:54:48","modified_gmt":"2022-08-17T11:54:48","slug":"trojkridle-plastove-okno-se-sloupkem-premium-2060-x-1540","status":"publish","type":"product","link":"https:\/\/www.zzobchod.cz\/?product=trojkridle-plastove-okno-se-sloupkem-premium-2060-x-1540","title":{"rendered":"Trojk\u0159\u00eddl\u00e9 plastov\u00e9 okno se sloupkem PREMIUM 2060 x 1540"},"content":{"rendered":"<p><b>Sou\u010d\u00e1st\u00ed balen\u00ed ka\u017ed\u00e9ho okna je:<\/b><br \/>\n&#8211; elegantn\u00ed hlin\u00edkov\u00e1 klika<br \/>\n&#8211; kompletn\u00ed sada krytek v barv\u011b okna na v\u0161echny \u010d\u00e1sti kov\u00e1n\u00ed<br \/>\n&#8211; 5 komorov\u00fd podkladn\u00ed profil (parapetn\u00ed doraz) vysok\u00fd 30mm<br \/>\n&#8211; dokument &#8221; N\u00e1vody pro okna, dve\u0159e a p\u0159\u00edslu\u0161enstv\u00ed &#8221;<br \/>\n&#8211; v\u00fdrobky jsou pe\u010dliv\u011b zabalen\u00e9 (ochrann\u00e9 kartonov\u00e9 rohy + n\u011bkolik vrstev stretch f\u00f3lie). V\u011bt\u0161\u00ed v\u00fdrobky jsou na stran\u00e1ch opat\u0159eny popruhy pro jednodu\u0161\u0161\u00ed manipulaci. Objedn\u00e1vky o v\u00edce kusech dod\u00e1v\u00e1me na d\u0159ev\u011bn\u00fdch nevratn\u00fdch stojanech.<\/p>\n<p><i>Profilov\u00fd syst\u00e9m d\u00e1nsk\u00e9 skupiny DOVISTA, bezpe\u010dnostn\u00ed kov\u00e1n\u00ed z produkce n\u011bmeck\u00e9 spole\u010dnosti Winkhaus, zasklen\u00ed z produkce DOVISTA nebo britsk\u00e9 zna\u010dky Pilkington, kompletace na automatick\u00fdch link\u00e1ch rakousk\u00e9 spole\u010dnosti GRUBER&amp;CO group a atesty \u010desk\u00e9 st\u00e1tn\u00ed zku\u0161ebny \u2013 to jsou skladov\u00e1 okna PREMIUM.<\/i><\/p>\n<p><b>V\u00fdroba a profilov\u00fd syst\u00e9m:<\/b><br \/>\n&#8211; profilov\u00fd syst\u00e9m a v\u00fdroba skupiny DOVISTA se s\u00eddlem v D\u00e1nsku<br \/>\n&#8211; 6 komorov\u00fd syst\u00e9m<br \/>\n&#8211; v\u00fdborn\u00e9 tepeln\u011b izola\u010dn\u00ed vlastnosti (vysok\u00e1 \u00faspora na energi\u00edch)<br \/>\n&#8211; d\u016fmysln\u00e1 konstrukce vnit\u0159n\u00edch komor a p\u0159edkomor zaru\u010duje vysokou pevnost a stabilitu<br \/>\n&#8211; stavebn\u00ed hloubka 80 mm (vy\u0161\u0161\u00ed statick\u00e1 pevnost)<br \/>\n&#8211; modern\u00ed zaoblen\u00fd design<br \/>\n&#8211; p\u0159edsazen\u00e9 k\u0159\u00eddlo vytv\u00e1\u0159\u00ed okapnici, kter\u00e1 omezuje riziko zat\u00e9k\u00e1n\u00ed p\u0159i prudk\u00fdch de\u0161t\u00edch<\/p>\n<p><b>T\u011bsn\u011bn\u00ed:<\/b><br \/>\n&#8211; 2 vkl\u00e1dan\u00e1 dorazov\u00e1 t\u011bsn\u011bn\u00ed EPDM (etylen-propalen-dien-polymer)<br \/>\n&#8211; v\u00fdhodou t\u011bsn\u011bn\u00ed EPDM je vysok\u00e1 odolnost proti st\u00e1rnut\u00ed a pov\u011btrnostn\u00edm vliv\u016fm. Okna tak t\u011bsn\u00ed i po letech.<br \/>\n&#8211; \u017eivotnost produktu je \u0159\u00e1dov\u011b des\u00edtky rok\u016f, vznikne-li s odstupem \u010dasu pot\u0159eba t\u011bsn\u011bn\u00ed vym\u011bnit, jde o velmi levnou z\u00e1le\u017eitost. D\u00edky speci\u00e1ln\u00edm dr\u00e1\u017ek\u00e1m, kter\u00fdmi jsou opat\u0159ena na\u0161e plastov\u00e1 okna, jednodu\u0161e p\u016fvodn\u00ed t\u011bsn\u011bn\u00ed z okna vyjmete a nov\u00e9 t\u011bsn\u011bn\u00ed do dr\u00e1\u017eek vsad\u00edte. Levn\u00e9, rychl\u00e9 a snadn\u00e9.<\/p>\n<p><b>V\u00fdztuhy:<\/b><br \/>\n&#8211; okna a dve\u0159e PREMIUM jsou ve standardu opat\u0159eny v\u00fdztu\u017eemi, kter\u00e9 jsou osazeny jak v r\u00e1mu, tak v k\u0159\u00eddle<br \/>\n&#8211; materi\u00e1l v\u00fdztu\u017e\u00ed je pozinkovan\u00e1 ocel odoln\u00e1 proti korozi<br \/>\n&#8211; tlou\u0161\u0165ka v\u00fdztuhy je 1 &#8211; 2mm (dle velikosti, typu a proveden\u00ed)<\/p>\n<p><b>Zasklen\u00ed:<\/b><br \/>\n&#8211; v\u00fdrobek je osazen izola\u010dn\u00edmi skly z produkce skupiny DOVISTA, pop\u0159. britsk\u00e9 zna\u010dky Pilkington<br \/>\n&#8211; ve standardu pokoven\u00e9 izola\u010dn\u00ed dvojsklo s koeficientem prostupu Ug=1.0\/1.1 W\/m2K<br \/>\n&#8211; vylep\u0161en\u00fd meziskeln\u00ed r\u00e1me\u010dek minimalizuj\u00edc\u00edm v\u00fdskyt rosen\u00ed<br \/>\n&#8211; tepeln\u00fd prostup cel\u00fdm oknem Uw=1.3 W\/m2K (ji\u017e p\u0159i pou\u017eit\u00ed standardn\u00edho izola\u010dn\u00edho dvojskla)<\/p>\n<p><b>Kov\u00e1n\u00ed:<\/b><br \/>\n&#8211; celoobvodov\u00e9 kov\u00e1n\u00ed n\u011bmeck\u00e9ho v\u00fdrobce Winkhaus (\u0159ada activPilot)<br \/>\n&#8211; bezpe\u010dnostn\u00ed body sni\u017euj\u00ed riziko p\u0159ekon\u00e1n\u00ed zlod\u011bji a zvy\u0161uj\u00ed pohodl\u00ed u\u017eivatele<br \/>\n&#8211; pojistka proti chybn\u00e9 manipulaci<br \/>\n&#8211; u OS (otv\u00edravo-sklopn\u00fdch) k\u0159\u00eddel mikroventilace<br \/>\n&#8211; Osmihrann\u00fd uzav\u00edrac\u00ed \u010dep &#8211; h\u0159\u00edbek (snadn\u00e1 regulace p\u0159\u00edtlaku oto\u010den\u00edm h\u0159\u00edbku)<br \/>\n&#8211; Modul p\u0159izved\u00e1v\u00e1n\u00ed k\u0159\u00eddla (m\u00edrn\u011b k\u0159\u00eddlo nadzved\u00e1v\u00e1 a zaji\u0161\u0165uje jeho hladk\u00e9 zav\u00edr\u00e1n\u00ed)<br \/>\n&#8211; Lo\u017eisko s brzdou (n\u016f\u017ekov\u00e9 lo\u017eisko je vybaveno t\u0159ec\u00ed brzdou, kter\u00e1 zpomaluje pohyb k\u0159\u00eddla)<br \/>\n&#8211; Dva bezpe\u010dnostn\u00ed protiplechy proti vloup\u00e1n\u00ed ji\u017e ve standardu zvy\u0161uj\u00ed bezpe\u010dnostn\u00ed \u00farove\u0148 okna<br \/>\n&#8211; Bezpe\u010dnostn\u00ed body, ve spolupr\u00e1ci s h\u0159\u00edbkem zvy\u0161uj\u00ed odolnost okna proti vloup\u00e1n\u00ed<br \/>\n&#8211; \u0160irok\u00fd rozsah regulace kompenzuje p\u0159\u00edpadn\u00e9 mont\u00e1\u017en\u00ed nep\u0159esnosti<br \/>\n&#8211; zes\u00edlen\u00e9 panty (nosnost k\u0159\u00eddla a\u017e 120kg)<\/p>\n<p><b>Kompletace, zkou\u0161ky, certifikace:<\/b><br \/>\n&#8211; kompletace prob\u00edh\u00e1 na modern\u00edch automatick\u00fdch link\u00e1ch rakousk\u00e9 spole\u010dnosti GRUBER&amp;CO group<\/p>\n<p>&#8211; v\u00fdrobce skupiny DOVISTA disponuje vlastn\u00ed zku\u0161ebnou. N\u011bkolikr\u00e1t t\u00fddn\u011b je vybr\u00e1no okno, kter\u00e9 je testov\u00e1no, zda spl\u0148uje po\u017eadovan\u00e9 parametry. (Hlavn\u00ed testy profilov\u00e9ho syst\u00e9mu: test rozm\u011brov\u00fdch vlastnost\u00ed, test rozta\u017enosti v peci p\u0159i vysok\u00fdch teplot\u00e1ch, test v teplot\u00e1ch hluboko pod bodem mrazu, tvarov\u00e9 testy, test pr\u016fhybu, test povrchu, test pevnosti sv\u00e1r\u016f, test p\u016fsoben\u00ed s\u00edly soust\u0159ed\u011bn\u00e9 na ur\u010dit\u00fd bod. Hlavn\u00ed testy fin\u00e1ln\u00edho v\u00fdrobku: vodot\u011bsnost, pr\u016fvzdu\u0161nost, odolnost proti zat\u00ed\u017een\u00ed v\u011btrem a dal\u0161\u00ed).<\/p>\n<p>&#8211; na\u0161e spole\u010dnost si ov\u011b\u0159uje kvalitu produkt\u016f nez\u00e1vislou st\u00e1tn\u00ed zku\u0161ebnou, kter\u00e1 potvrzuje kvalitu a parametry v\u00fdrobk\u016f, kter\u00e9 V\u00e1m dod\u00e1v\u00e1me (viz. aktu\u00e1ln\u00ed certifik\u00e1ty)<\/p>\n<p>&#8211; d\u00edky sv\u00fdm parametr\u016fm byla okna St\u00e1tn\u00edm fondem \u017eivotn\u00edho prost\u0159ed\u00ed \u010cR zahrnuta do programu NOV\u00c1 ZELEN\u00c1 \u00daSPOR\u00c1M<\/p>\n<p>&#8211; na\u0161e spole\u010dnost z\u00edskala certifik\u00e1t Bisnode. \u010clenstv\u00ed v Registru solventn\u00edch firem je znamen\u00edm bezpe\u010dn\u00e9ho a korektn\u00edho vztahu s na\u0161imi budouc\u00edmi z\u00e1kazn\u00edky. Certifik\u00e1t Registr solventn\u00edch firem garantuje na\u0161im z\u00e1kazn\u00edk\u016fm finan\u010dn\u00ed stabilitu, dobrou platebn\u00ed mor\u00e1lku, solventnost a spolehlivost.<\/p>\n<p>&#8211; v\u00edme, co nab\u00edz\u00edme a o kvalit\u011b na\u0161ich produkt\u016f jsme p\u0159esv\u011bd\u010den\u00ed. R\u00e1di proto poskytneme reference od v\u00edce ne\u017e 50.000 z\u00e1kazn\u00edk\u016f, kter\u00e9 jsme v \u010cesk\u00e9 republice, Slovensk\u00e9 republice, v Rakousku, N\u011bmecku a Ma\u010farsku dosud obslou\u017eili.<\/p>\n","protected":false},"excerpt":{"rendered":"<p>Rozm\u011br: 2060 x 1540mm<br \/>\nBarva: B\u00edl\u00e1<br \/>\nSklo: 3\/16A\/4TPS dvojsklo (U=1,1)<br \/>\nStavebn\u00ed otvor: 2090 \/ 1590<br \/>\nPo\u010det sloupk\u016f: 2<br \/>\nKov\u00e1n\u00ed: celoobovodov\u00e9 kov\u00e1n\u00ed Winkhaus activPilot<\/p>\n","protected":false},"featured_media":641,"comment_status":"open","ping_status":"closed","template":"","meta":{"site-sidebar-layout":"default","site-content-layout":"default","ast-site-content-layout":"default","site-content-style":"default","site-sidebar-style":"default","ast-global-header-display":"","ast-banner-title-visibility":"","ast-main-header-display":"","ast-hfb-above-header-display":"","ast-hfb-below-header-display":"","ast-hfb-mobile-header-display":"","site-post-title":"","ast-breadcrumbs-content":"","ast-featured-img":"","footer-sml-layout":"","theme-transparent-header-meta":"default","adv-header-id-meta":"","stick-header-meta":"","header-above-stick-meta":"","header-main-stick-meta":"","header-below-stick-meta":"","astra-migrate-meta-layouts":"default","ast-page-background-enabled":"default","ast-page-background-meta":{"desktop":{"background-color":"var(--ast-global-color-4)","background-image":"","background-repeat":"repeat","background-position":"center center","background-size":"auto","background-attachment":"scroll","background-type":"","background-media":"","overlay-type":"","overlay-color":"","overlay-opacity":"","overlay-gradient":""},"tablet":{"background-color":"","background-image":"","background-repeat":"repeat","background-position":"center center","background-size":"auto","background-attachment":"scroll","background-type":"","background-media":"","overlay-type":"","overlay-color":"","overlay-opacity":"","overlay-gradient":""},"mobile":{"background-color":"","background-image":"","background-repeat":"repeat","background-position":"center center","background-size":"auto","background-attachment":"scroll","background-type":"","background-media":"","overlay-type":"","overlay-color":"","overlay-opacity":"","overlay-gradient":""}},"ast-content-background-meta":{"desktop":{"background-color":"var(--ast-global-color-5)","background-image":"","background-repeat":"repeat","background-position":"center center","background-size":"auto","background-attachment":"scroll","background-type":"","background-media":"","overlay-type":"","overlay-color":"","overlay-opacity":"","overlay-gradient":""},"tablet":{"background-color":"var(--ast-global-color-5)","background-image":"","background-repeat":"repeat","background-position":"center center","background-size":"auto","background-attachment":"scroll","background-type":"","background-media":"","overlay-type":"","overlay-color":"","overlay-opacity":"","overlay-gradient":""},"mobile":{"background-color":"var(--ast-global-color-5)","background-image":"","background-repeat":"repeat","background-position":"center center","background-size":"auto","background-attachment":"scroll","background-type":"","background-media":"","overlay-type":"","overlay-color":"","overlay-opacity":"","overlay-gradient":""}}},"product_brand":[],"product_cat":[19],"product_tag":[50],"class_list":{"0":"post-640","1":"product","2":"type-product","3":"status-publish","4":"has-post-thumbnail","6":"product_cat-trojdilna-okna","7":"product_tag-trojkridle-okno","8":"desktop-align-left","9":"tablet-align-left","10":"mobile-align-left","12":"first","13":"onbackorder","14":"sale","15":"taxable","16":"shipping-taxable","17":"purchasable","18":"product-type-simple"},"jetpack_sharing_enabled":true,"_links":{"self":[{"href":"https:\/\/www.zzobchod.cz\/index.php?rest_route=\/wp\/v2\/product\/640","targetHints":{"allow":["GET"]}}],"collection":[{"href":"https:\/\/www.zzobchod.cz\/index.php?rest_route=\/wp\/v2\/product"}],"about":[{"href":"https:\/\/www.zzobchod.cz\/index.php?rest_route=\/wp\/v2\/types\/product"}],"replies":[{"embeddable":true,"href":"https:\/\/www.zzobchod.cz\/index.php?rest_route=%2Fwp%2Fv2%2Fcomments&post=640"}],"wp:featuredmedia":[{"embeddable":true,"href":"https:\/\/www.zzobchod.cz\/index.php?rest_route=\/wp\/v2\/media\/641"}],"wp:attachment":[{"href":"https:\/\/www.zzobchod.cz\/index.php?rest_route=%2Fwp%2Fv2%2Fmedia&parent=640"}],"wp:term":[{"taxonomy":"product_brand","embeddable":true,"href":"https:\/\/www.zzobchod.cz\/index.php?rest_route=%2Fwp%2Fv2%2Fproduct_brand&post=640"},{"taxonomy":"product_cat","embeddable":true,"href":"https:\/\/www.zzobchod.cz\/index.php?rest_route=%2Fwp%2Fv2%2Fproduct_cat&post=640"},{"taxonomy":"product_tag","embeddable":true,"href":"https:\/\/www.zzobchod.cz\/index.php?rest_route=%2Fwp%2Fv2%2Fproduct_tag&post=640"}],"curies":[{"name":"wp","href":"https:\/\/api.w.org\/{rel}","templated":true}]}}